{"id":121,"date":"2025-12-03T19:47:11","date_gmt":"2025-12-03T18:47:11","guid":{"rendered":"https:\/\/agrdom.bplaced.net\/kroatien\/?page_id=121"},"modified":"2025-12-15T11:54:08","modified_gmt":"2025-12-15T10:54:08","slug":"kuestenregion","status":"publish","type":"page","link":"https:\/\/agrdom.bplaced.net\/kroatien\/kuestenregion\/","title":{"rendered":"K\u00fcstenregion"},"content":{"rendered":"\n<div class=\"wp-block-cover alignfull is-light has-custom-content-position is-position-bottom-center\" style=\"margin-top:0;margin-bottom:0;padding-top:var(--wp--preset--spacing--50);padding-right:var(--wp--preset--spacing--50);padding-bottom:var(--wp--preset--spacing--50);padding-left:var(--wp--preset--spacing--50);min-height:840px;aspect-ratio:unset;\"><img loading=\"lazy\" decoding=\"async\" width=\"1024\" height=\"682\" class=\"wp-block-cover__image-background wp-image-23 size-large\" alt=\"\" src=\"https:\/\/agrdom.bplaced.net\/kroatien\/wp-content\/uploads\/2025\/11\/vis-1024x682.jpg\" data-object-fit=\"cover\" srcset=\"https:\/\/agrdom.bplaced.net\/kroatien\/wp-content\/uploads\/2025\/11\/vis-1024x682.jpg 1024w, https:\/\/agrdom.bplaced.net\/kroatien\/wp-content\/uploads\/2025\/11\/vis-300x200.jpg 300w, https:\/\/agrdom.bplaced.net\/kroatien\/wp-content\/uploads\/2025\/11\/vis-768x512.jpg 768w, https:\/\/agrdom.bplaced.net\/kroatien\/wp-content\/uploads\/2025\/11\/vis-1536x1024.jpg 1536w, https:\/\/agrdom.bplaced.net\/kroatien\/wp-content\/uploads\/2025\/11\/vis-2048x1365.jpg 2048w\" sizes=\"auto, (max-width: 1024px) 100vw, 1024px\" \/><span aria-hidden=\"true\" class=\"wp-block-cover__background has-background-dim-10 has-background-dim\" style=\"background-color:#5a8bd4\"><\/span><div class=\"wp-block-cover__inner-container is-layout-constrained wp-container-core-cover-is-layout-9cf8f26d wp-block-cover-is-layout-constrained\">\n<div class=\"wp-block-group alignwide is-content-justification-left\"><div class=\"wp-block-group__inner-container is-layout-constrained wp-container-core-group-is-layout-8c890d92 wp-block-group-is-layout-constrained\">\n<h2 class=\"wp-block-heading has-text-align-left has-xx-large-font-size\">Die K\u00fcstenregion Kroatiens<\/h2>\n\n\n\n<p>Die K\u00fcstenregion von Kroatien l\u00e4sst sich in die n\u00f6rdliche und s\u00fcdliche Region teilen. Das nordadriatische K\u00fcstenland umfasst die Halbinsel Istrien und den schmalen und ausgedehnten K\u00fcstenstreifen der Kvarner Bucht und des Velebiter K\u00fcstenlandes einschlie\u00dflich der vorgelagerten Inseln. Den s\u00fcdliche K\u00fcstenteil umfasst die historische Region Dalmatien.<\/p>\n<\/div><\/div>\n<\/div><\/div>\n\n\n\n<div class=\"wp-block-group alignfull is-style-section-5\" style=\"margin-top:0;margin-bottom:0;padding-top:var(--wp--preset--spacing--50);padding-bottom:var(--wp--preset--spacing--50)\"><div class=\"wp-block-group__inner-container is-layout-constrained wp-block-group-is-layout-constrained\">\n<div class=\"wp-block-columns alignwide is-layout-flex wp-container-core-columns-is-layout-a2d7b65f wp-block-columns-is-layout-flex\">\n<div class=\"wp-block-column is-vertically-aligned-center is-layout-flow wp-block-column-is-layout-flow\" style=\"flex-basis:50%\">\n<h2 class=\"wp-block-heading\">Istrien <\/h2>\n\n\n\n<p>Die Region Istrien ist die am st\u00e4rksten entwickelte touristische Region Kroatiens und ist aufgrund der guten Infrastruktur und der N\u00e4he zu den europ\u00e4ischen Nachbarl\u00e4ndern sehr beliebt. Kristallklares Wasser, traumhafte Badebuchten, idyllische K\u00fcstenst\u00e4dte und unz\u00e4hlige Sehensw\u00fcrdigkeiten sind charakteristisch f\u00fcr diese Region.<\/p>\n<\/div>\n\n\n\n<div class=\"wp-block-column is-vertically-aligned-center is-layout-flow wp-block-column-is-layout-flow\" style=\"flex-basis:50%\">\n<figure class=\"wp-block-image size-full\"><img loading=\"lazy\" decoding=\"async\" width=\"2560\" height=\"1265\" src=\"https:\/\/agrdom.bplaced.net\/kroatien\/wp-content\/uploads\/2025\/11\/porec.jpg\" alt=\"\" class=\"wp-image-19\" style=\"aspect-ratio:1;object-fit:cover\" srcset=\"https:\/\/agrdom.bplaced.net\/kroatien\/wp-content\/uploads\/2025\/11\/porec.jpg 2560w, https:\/\/agrdom.bplaced.net\/kroatien\/wp-content\/uploads\/2025\/11\/porec-300x148.jpg 300w, https:\/\/agrdom.bplaced.net\/kroatien\/wp-content\/uploads\/2025\/11\/porec-1024x506.jpg 1024w, https:\/\/agrdom.bplaced.net\/kroatien\/wp-content\/uploads\/2025\/11\/porec-768x380.jpg 768w, https:\/\/agrdom.bplaced.net\/kroatien\/wp-content\/uploads\/2025\/11\/porec-1536x759.jpg 1536w, https:\/\/agrdom.bplaced.net\/kroatien\/wp-content\/uploads\/2025\/11\/porec-2048x1012.jpg 2048w\" sizes=\"auto, (max-width: 2560px) 100vw, 2560px\" \/><\/figure>\n<\/div>\n<\/div>\n<\/div><\/div>\n\n\n\n<div class=\"wp-block-group alignfull\" style=\"margin-top:0;margin-bottom:0\"><div class=\"wp-block-group__inner-container is-layout-constrained wp-block-group-is-layout-constrained\">\n<div class=\"wp-block-group alignwide is-layout-grid wp-container-core-group-is-layout-6dbf1d5c wp-block-group-is-layout-grid\" style=\"padding-top:var(--wp--preset--spacing--50);padding-bottom:var(--wp--preset--spacing--50)\">\n<div class=\"wp-block-group is-vertical is-content-justification-stretch is-nowrap is-layout-flex wp-container-core-group-is-layout-0fd27360 wp-block-group-is-layout-flex\">\n<div class=\"wp-block-group is-vertical is-content-justification-left is-layout-flex wp-container-core-group-is-layout-c0ca7d81 wp-block-group-is-layout-flex\">\n<h2 class=\"wp-block-heading is-style-default\">Kvarner Bucht<\/h2>\n\n\n\n<p>Die Kvarner Bucht ist zwischen der Halbinsel Istrien im Norden und der Region Dalmatien im S\u00fcden eingebettet und umfasst auch das Velbiter K\u00fcstenland am Fu\u00df des Velebit-Massivs, einschlie\u00dflich der vorgelagerten Inseln.<\/p>\n\n\n\n<p>Die gesamte Bucht hat mit seinen bis zu 2.600 Sonnenstunden im Jahr ein ausgezeichnetes Klima mit entsprechend mediterraner Flora. Die gr\u00f6\u00dfte Stadt und das regionale Zentrum ist Rijeka, zugleich der gr\u00f6\u00dfte kroatische Hafen. Neben Rijeka und den imposanten K\u00fcstenst\u00e4dte Opatija, Crikvenica und Novi Vinodolski erheben sich aus dem tiefen Blau der Adria die dem Festland vorgelagerten Inseln Cres, Losinj, Krk und Rab und runden so die Region ab.<\/p>\n<\/div>\n\n\n\n<figure class=\"wp-block-image size-full\"><img loading=\"lazy\" decoding=\"async\" width=\"2560\" height=\"1626\" src=\"https:\/\/agrdom.bplaced.net\/kroatien\/wp-content\/uploads\/2025\/11\/boote.jpg\" alt=\"\" class=\"wp-image-9\" style=\"aspect-ratio:16\/9;object-fit:cover\" srcset=\"https:\/\/agrdom.bplaced.net\/kroatien\/wp-content\/uploads\/2025\/11\/boote.jpg 2560w, https:\/\/agrdom.bplaced.net\/kroatien\/wp-content\/uploads\/2025\/11\/boote-300x191.jpg 300w, https:\/\/agrdom.bplaced.net\/kroatien\/wp-content\/uploads\/2025\/11\/boote-1024x650.jpg 1024w, https:\/\/agrdom.bplaced.net\/kroatien\/wp-content\/uploads\/2025\/11\/boote-768x488.jpg 768w, https:\/\/agrdom.bplaced.net\/kroatien\/wp-content\/uploads\/2025\/11\/boote-1536x976.jpg 1536w, https:\/\/agrdom.bplaced.net\/kroatien\/wp-content\/uploads\/2025\/11\/boote-2048x1301.jpg 2048w\" sizes=\"auto, (max-width: 2560px) 100vw, 2560px\" \/><\/figure>\n<\/div>\n\n\n\n<figure class=\"wp-block-image size-full\"><img loading=\"lazy\" decoding=\"async\" width=\"2560\" height=\"1707\" src=\"https:\/\/agrdom.bplaced.net\/kroatien\/wp-content\/uploads\/2025\/11\/meersonne.jpg\" alt=\"\" class=\"wp-image-17\" style=\"aspect-ratio:3\/4;object-fit:cover\" srcset=\"https:\/\/agrdom.bplaced.net\/kroatien\/wp-content\/uploads\/2025\/11\/meersonne.jpg 2560w, https:\/\/agrdom.bplaced.net\/kroatien\/wp-content\/uploads\/2025\/11\/meersonne-300x200.jpg 300w, https:\/\/agrdom.bplaced.net\/kroatien\/wp-content\/uploads\/2025\/11\/meersonne-1024x683.jpg 1024w, https:\/\/agrdom.bplaced.net\/kroatien\/wp-content\/uploads\/2025\/11\/meersonne-768x512.jpg 768w, https:\/\/agrdom.bplaced.net\/kroatien\/wp-content\/uploads\/2025\/11\/meersonne-1536x1024.jpg 1536w, https:\/\/agrdom.bplaced.net\/kroatien\/wp-content\/uploads\/2025\/11\/meersonne-2048x1366.jpg 2048w\" sizes=\"auto, (max-width: 2560px) 100vw, 2560px\" \/><\/figure>\n<\/div>\n<\/div><\/div>\n\n\n\n<div class=\"wp-block-group alignfull is-style-section-5\" style=\"margin-top:0;margin-bottom:0;padding-top:var(--wp--preset--spacing--50);padding-bottom:var(--wp--preset--spacing--50)\"><div class=\"wp-block-group__inner-container is-layout-constrained wp-block-group-is-layout-constrained\">\n<div class=\"wp-block-columns alignwide is-layout-flex wp-container-core-columns-is-layout-a2d7b65f wp-block-columns-is-layout-flex\">\n<div class=\"wp-block-column is-vertically-aligned-center is-layout-flow wp-block-column-is-layout-flow\" style=\"flex-basis:50%\">\n<h2 class=\"wp-block-heading\">Dalmatien<\/h2>\n\n\n\n<p>Den s\u00fcdlichen K\u00fcstenteil stellt die historische Region Dalmatien dar. Aufgrund des Klimas, der Landschaft und der Kultur ist Dalmatien ein ausgesprochen mediterraner Raum, in dem drei parallele Zonen zu unterscheiden sind: die Inseln, die K\u00fcste und das Hinterland. Die Region Dalmatien erstreckt sich von Zadar im Norden, auf knapp 400 km K\u00fcstenl\u00e4nge in Richtung S\u00fcden, bis kurz hinter Dubrovnik. Die landschaftliche Vielfalt besteht aus unz\u00e4hligen Natursch\u00f6nheiten, die sich in den Gebirgsz\u00fcgen, der Inselwelt und der stark gegliederten K\u00fcste zeigen.<\/p>\n<\/div>\n\n\n\n<div class=\"wp-block-column is-vertically-aligned-center is-layout-flow wp-block-column-is-layout-flow\" style=\"flex-basis:50%\">\n<figure class=\"wp-block-image size-full\"><img loading=\"lazy\" decoding=\"async\" width=\"2560\" height=\"1707\" src=\"https:\/\/agrdom.bplaced.net\/kroatien\/wp-content\/uploads\/2025\/11\/zadar.jpg\" alt=\"\" class=\"wp-image-24\" style=\"aspect-ratio:1;object-fit:cover\" srcset=\"https:\/\/agrdom.bplaced.net\/kroatien\/wp-content\/uploads\/2025\/11\/zadar.jpg 2560w, https:\/\/agrdom.bplaced.net\/kroatien\/wp-content\/uploads\/2025\/11\/zadar-300x200.jpg 300w, https:\/\/agrdom.bplaced.net\/kroatien\/wp-content\/uploads\/2025\/11\/zadar-1024x683.jpg 1024w, https:\/\/agrdom.bplaced.net\/kroatien\/wp-content\/uploads\/2025\/11\/zadar-768x512.jpg 768w, https:\/\/agrdom.bplaced.net\/kroatien\/wp-content\/uploads\/2025\/11\/zadar-1536x1024.jpg 1536w, https:\/\/agrdom.bplaced.net\/kroatien\/wp-content\/uploads\/2025\/11\/zadar-2048x1366.jpg 2048w\" sizes=\"auto, (max-width: 2560px) 100vw, 2560px\" \/><\/figure>\n<\/div>\n<\/div>\n<\/div><\/div>\n","protected":false},"excerpt":{"rendered":"<p>Istrien Die Region Istrien ist die am st\u00e4rksten entwickelte touristische Region Kroatiens und ist aufgrund der guten Infrastruktur und der N\u00e4he zu den europ\u00e4ischen Nachbarl\u00e4ndern sehr beliebt. Kristallklares Wasser, traumhafte Badebuchten, idyllische K\u00fcstenst\u00e4dte und unz\u00e4hlige Sehensw\u00fcrdigkeiten sind charakteristisch f\u00fcr diese Region. Kvarner Bucht Die Kvarner Bucht ist zwischen der Halbinsel&hellip;<\/p>\n<p> <a class=\"more-link\" href=\"https:\/\/agrdom.bplaced.net\/kroatien\/kuestenregion\/\">Weiterlesen<\/a><\/p>\n","protected":false},"author":1,"featured_media":0,"parent":0,"menu_order":4,"comment_status":"closed","ping_status":"closed","template":"page-no-title","meta":{"footnotes":""},"class_list":["post-121","page","type-page","status-publish"],"_links":{"self":[{"href":"https:\/\/agrdom.bplaced.net\/kroatien\/wp-json\/wp\/v2\/pages\/121","targetHints":{"allow":["GET"]}}],"collection":[{"href":"https:\/\/agrdom.bplaced.net\/kroatien\/wp-json\/wp\/v2\/pages"}],"about":[{"href":"https:\/\/agrdom.bplaced.net\/kroatien\/wp-json\/wp\/v2\/types\/page"}],"author":[{"embeddable":true,"href":"https:\/\/agrdom.bplaced.net\/kroatien\/wp-json\/wp\/v2\/users\/1"}],"replies":[{"embeddable":true,"href":"https:\/\/agrdom.bplaced.net\/kroatien\/wp-json\/wp\/v2\/comments?post=121"}],"version-history":[{"count":4,"href":"https:\/\/agrdom.bplaced.net\/kroatien\/wp-json\/wp\/v2\/pages\/121\/revisions"}],"predecessor-version":[{"id":125,"href":"https:\/\/agrdom.bplaced.net\/kroatien\/wp-json\/wp\/v2\/pages\/121\/revisions\/125"}],"wp:attachment":[{"href":"https:\/\/agrdom.bplaced.net\/kroatien\/wp-json\/wp\/v2\/media?parent=121"}],"curies":[{"name":"wp","href":"https:\/\/api.w.org\/{rel}","templated":true}]}}